{"id":692,"date":"2016-03-10T14:36:36","date_gmt":"2016-03-10T14:36:36","guid":{"rendered":"http:\/\/wordpress-13359-29135-128930.cloudwaysapps.com\/?page_id=692"},"modified":"2025-06-12T21:46:22","modified_gmt":"2025-06-12T19:46:22","slug":"chi-siamo","status":"publish","type":"page","link":"https:\/\/www.limmobiliarematera.it\/index.php\/chi-siamo\/","title":{"rendered":"Chi siamo"},"content":{"rendered":"<div class=\"wpb-content-wrapper\"><p>[vc_row][vc_column][vc_column_text]<strong><em>Garantire sempre, in ogni luogo e in ogni circostanza, tutta la professionalit\u00e0 possibile: questa \u00e8 la regola che, sin dall&#8217;inizio della nostra esperienza, abbiamo scelto e ha guidato qalunque nostra attivit\u00e0.<\/em><\/strong><\/p>\n<p>Se oggi disponiamo di un&#8217;ampia e affezionata clientela, \u00e8 perch\u00e9 siamo rimasti fedeli a questa vocazione, al principio della professionalit\u00e0 prima di tutto, della qualit\u00e0, della cortesia, della disponibilit\u00e0 e della trasparenza senza compromessi.<\/p>\n<p>Abbiamo iniziato la nostra attivit\u00e0 nel 2001 e ancora oggi come allora vi facciamo sentire a casa&#8230; vostra: una struttura accogliente, facile da raggiungere perch\u00e9 abbiamo scelto di collocare il nostro punto vendita su strada, a diretto contatto con la gente, per garantire standard di professionalit\u00e0 e costante assistenza con tecnici e personale qualificato, in grado di valutare e stimare il vostro immobile perch\u00e9 ottimi conoscitori del mercato.<\/p>\n<p>Tutto questo con uno stile di servizio improntato con la massima professionalit\u00e0, cortesia ed efficienza, in grado di dare una risposta mirata a tutte le vostre esigenze: su di noi potete sempre fare affidamento.<\/p>\n<p><strong>Filomena ZACCARO<\/strong>\u00a0\u00a0<em>immobiliarista<\/em>[\/vc_column_text][\/vc_column][\/vc_row][vc_row][vc_column][vc_separator][\/vc_column][\/vc_row]<img loading=\"lazy\" decoding=\"async\" class=\"alignnone wp-image-5377\" src=\"https:\/\/www.limmobiliarematera.it\/wp-content\/uploads\/2021\/12\/Anniversario-20-anni-1.png\" alt=\"\" width=\"141\" height=\"117\" \/><\/p>\n<\/div>","protected":false},"excerpt":{"rendered":"<p>[vc_row][vc_column][vc_column_text]Garantire sempre, in ogni luogo e in ogni circostanza, tutta la professionalit\u00e0 possibile: questa \u00e8 la regola che, sin dall&#8217;inizio della nostra esperienza, abbiamo scelto e ha guidato qalunque nostra attivit\u00e0. Se oggi disponiamo di un&#8217;ampia e affezionata clientela, \u00e8 perch\u00e9 siamo rimasti fedeli a questa vocazione, al principio della professionalit\u00e0 prima di tutto, della [&hellip;]<\/p>\n","protected":false},"author":1,"featured_media":0,"parent":0,"menu_order":1,"comment_status":"closed","ping_status":"closed","template":"template\/template-page.php","meta":{"_exactmetrics_skip_tracking":false,"_exactmetrics_sitenote_active":false,"_exactmetrics_sitenote_note":"","_exactmetrics_sitenote_category":0,"footnotes":""},"class_list":["post-692","page","type-page","status-publish","hentry"],"yoast_head":"<!-- This site is optimized with the Yoast SEO plugin v27.1.1 - https:\/\/yoast.com\/product\/yoast-seo-wordpress\/ -->\n<title>Chi siamo - L&#039;immobiliare Matera<\/title>\n<meta name=\"robots\" content=\"index, follow, max-snippet:-1, max-image-preview:large, max-video-preview:-1\" \/>\n<link rel=\"canonical\" href=\"https:\/\/www.limmobiliarematera.it\/index.php\/chi-siamo\/\" \/>\n<meta property=\"og:locale\" content=\"it_IT\" \/>\n<meta property=\"og:type\" content=\"article\" \/>\n<meta property=\"og:title\" content=\"Chi siamo - L&#039;immobiliare Matera\" \/>\n<meta property=\"og:description\" content=\"[vc_row][vc_column][vc_column_text]Garantire sempre, in ogni luogo e in ogni circostanza, tutta la professionalit\u00e0 possibile: questa \u00e8 la regola che, sin dall&#8217;inizio della nostra esperienza, abbiamo scelto e ha guidato qalunque nostra attivit\u00e0. Se oggi disponiamo di un&#8217;ampia e affezionata clientela, \u00e8 perch\u00e9 siamo rimasti fedeli a questa vocazione, al principio della professionalit\u00e0 prima di tutto, della [&hellip;]\" \/>\n<meta property=\"og:url\" content=\"https:\/\/www.limmobiliarematera.it\/index.php\/chi-siamo\/\" \/>\n<meta property=\"og:site_name\" content=\"L&#039;immobiliare Matera\" \/>\n<meta property=\"article:modified_time\" content=\"2025-06-12T19:46:22+00:00\" \/>\n<meta property=\"og:image\" content=\"https:\/\/www.limmobiliarematera.it\/wp-content\/uploads\/2021\/12\/Anniversario-20-anni-1.png\" \/>\n\t<meta property=\"og:image:width\" content=\"300\" \/>\n\t<meta property=\"og:image:height\" content=\"249\" \/>\n\t<meta property=\"og:image:type\" content=\"image\/png\" \/>\n<meta name=\"twitter:card\" content=\"summary_large_image\" \/>\n<meta name=\"twitter:label1\" content=\"Tempo di lettura stimato\" \/>\n\t<meta name=\"twitter:data1\" content=\"2 minuti\" \/>\n<script type=\"application\/ld+json\" class=\"yoast-schema-graph\">{\"@context\":\"https:\/\/schema.org\",\"@graph\":[{\"@type\":\"WebPage\",\"@id\":\"https:\/\/www.limmobiliarematera.it\/index.php\/chi-siamo\/\",\"url\":\"https:\/\/www.limmobiliarematera.it\/index.php\/chi-siamo\/\",\"name\":\"Chi siamo - L&#039;immobiliare Matera\",\"isPartOf\":{\"@id\":\"https:\/\/www.limmobiliarematera.it\/#website\"},\"primaryImageOfPage\":{\"@id\":\"https:\/\/www.limmobiliarematera.it\/index.php\/chi-siamo\/#primaryimage\"},\"image\":{\"@id\":\"https:\/\/www.limmobiliarematera.it\/index.php\/chi-siamo\/#primaryimage\"},\"thumbnailUrl\":\"https:\/\/www.limmobiliarematera.it\/wp-content\/uploads\/2021\/12\/Anniversario-20-anni-1.png\",\"datePublished\":\"2016-03-10T14:36:36+00:00\",\"dateModified\":\"2025-06-12T19:46:22+00:00\",\"breadcrumb\":{\"@id\":\"https:\/\/www.limmobiliarematera.it\/index.php\/chi-siamo\/#breadcrumb\"},\"inLanguage\":\"it-IT\",\"potentialAction\":[{\"@type\":\"ReadAction\",\"target\":[\"https:\/\/www.limmobiliarematera.it\/index.php\/chi-siamo\/\"]}]},{\"@type\":\"ImageObject\",\"inLanguage\":\"it-IT\",\"@id\":\"https:\/\/www.limmobiliarematera.it\/index.php\/chi-siamo\/#primaryimage\",\"url\":\"https:\/\/www.limmobiliarematera.it\/wp-content\/uploads\/2021\/12\/Anniversario-20-anni-1.png\",\"contentUrl\":\"https:\/\/www.limmobiliarematera.it\/wp-content\/uploads\/2021\/12\/Anniversario-20-anni-1.png\",\"width\":300,\"height\":249},{\"@type\":\"BreadcrumbList\",\"@id\":\"https:\/\/www.limmobiliarematera.it\/index.php\/chi-siamo\/#breadcrumb\",\"itemListElement\":[{\"@type\":\"ListItem\",\"position\":1,\"name\":\"Home\",\"item\":\"https:\/\/www.limmobiliarematera.it\/\"},{\"@type\":\"ListItem\",\"position\":2,\"name\":\"Chi siamo\"}]},{\"@type\":\"WebSite\",\"@id\":\"https:\/\/www.limmobiliarematera.it\/#website\",\"url\":\"https:\/\/www.limmobiliarematera.it\/\",\"name\":\"L&#039;immobiliare Matera\",\"description\":\"Servizi di agenzia di Filomena Zaccaro\",\"publisher\":{\"@id\":\"https:\/\/www.limmobiliarematera.it\/#organization\"},\"potentialAction\":[{\"@type\":\"SearchAction\",\"target\":{\"@type\":\"EntryPoint\",\"urlTemplate\":\"https:\/\/www.limmobiliarematera.it\/?s={search_term_string}\"},\"query-input\":{\"@type\":\"PropertyValueSpecification\",\"valueRequired\":true,\"valueName\":\"search_term_string\"}}],\"inLanguage\":\"it-IT\"},{\"@type\":\"Organization\",\"@id\":\"https:\/\/www.limmobiliarematera.it\/#organization\",\"name\":\"L&#039;immobiliare Matera\",\"url\":\"https:\/\/www.limmobiliarematera.it\/\",\"logo\":{\"@type\":\"ImageObject\",\"inLanguage\":\"it-IT\",\"@id\":\"https:\/\/www.limmobiliarematera.it\/#\/schema\/logo\/image\/\",\"url\":\"https:\/\/www.limmobiliarematera.it\/wp-content\/uploads\/2021\/12\/Anniversario-20-anni-2.png\",\"contentUrl\":\"https:\/\/www.limmobiliarematera.it\/wp-content\/uploads\/2021\/12\/Anniversario-20-anni-2.png\",\"width\":300,\"height\":249,\"caption\":\"L&#039;immobiliare Matera\"},\"image\":{\"@id\":\"https:\/\/www.limmobiliarematera.it\/#\/schema\/logo\/image\/\"}}]}<\/script>\n<!-- \/ Yoast SEO plugin. -->","yoast_head_json":{"title":"Chi siamo - L&#039;immobiliare Matera","robots":{"index":"index","follow":"follow","max-snippet":"max-snippet:-1","max-image-preview":"max-image-preview:large","max-video-preview":"max-video-preview:-1"},"canonical":"https:\/\/www.limmobiliarematera.it\/index.php\/chi-siamo\/","og_locale":"it_IT","og_type":"article","og_title":"Chi siamo - L&#039;immobiliare Matera","og_description":"[vc_row][vc_column][vc_column_text]Garantire sempre, in ogni luogo e in ogni circostanza, tutta la professionalit\u00e0 possibile: questa \u00e8 la regola che, sin dall&#8217;inizio della nostra esperienza, abbiamo scelto e ha guidato qalunque nostra attivit\u00e0. Se oggi disponiamo di un&#8217;ampia e affezionata clientela, \u00e8 perch\u00e9 siamo rimasti fedeli a questa vocazione, al principio della professionalit\u00e0 prima di tutto, della [&hellip;]","og_url":"https:\/\/www.limmobiliarematera.it\/index.php\/chi-siamo\/","og_site_name":"L&#039;immobiliare Matera","article_modified_time":"2025-06-12T19:46:22+00:00","og_image":[{"width":300,"height":249,"url":"https:\/\/www.limmobiliarematera.it\/wp-content\/uploads\/2021\/12\/Anniversario-20-anni-1.png","type":"image\/png"}],"twitter_card":"summary_large_image","twitter_misc":{"Tempo di lettura stimato":"2 minuti"},"schema":{"@context":"https:\/\/schema.org","@graph":[{"@type":"WebPage","@id":"https:\/\/www.limmobiliarematera.it\/index.php\/chi-siamo\/","url":"https:\/\/www.limmobiliarematera.it\/index.php\/chi-siamo\/","name":"Chi siamo - L&#039;immobiliare Matera","isPartOf":{"@id":"https:\/\/www.limmobiliarematera.it\/#website"},"primaryImageOfPage":{"@id":"https:\/\/www.limmobiliarematera.it\/index.php\/chi-siamo\/#primaryimage"},"image":{"@id":"https:\/\/www.limmobiliarematera.it\/index.php\/chi-siamo\/#primaryimage"},"thumbnailUrl":"https:\/\/www.limmobiliarematera.it\/wp-content\/uploads\/2021\/12\/Anniversario-20-anni-1.png","datePublished":"2016-03-10T14:36:36+00:00","dateModified":"2025-06-12T19:46:22+00:00","breadcrumb":{"@id":"https:\/\/www.limmobiliarematera.it\/index.php\/chi-siamo\/#breadcrumb"},"inLanguage":"it-IT","potentialAction":[{"@type":"ReadAction","target":["https:\/\/www.limmobiliarematera.it\/index.php\/chi-siamo\/"]}]},{"@type":"ImageObject","inLanguage":"it-IT","@id":"https:\/\/www.limmobiliarematera.it\/index.php\/chi-siamo\/#primaryimage","url":"https:\/\/www.limmobiliarematera.it\/wp-content\/uploads\/2021\/12\/Anniversario-20-anni-1.png","contentUrl":"https:\/\/www.limmobiliarematera.it\/wp-content\/uploads\/2021\/12\/Anniversario-20-anni-1.png","width":300,"height":249},{"@type":"BreadcrumbList","@id":"https:\/\/www.limmobiliarematera.it\/index.php\/chi-siamo\/#breadcrumb","itemListElement":[{"@type":"ListItem","position":1,"name":"Home","item":"https:\/\/www.limmobiliarematera.it\/"},{"@type":"ListItem","position":2,"name":"Chi siamo"}]},{"@type":"WebSite","@id":"https:\/\/www.limmobiliarematera.it\/#website","url":"https:\/\/www.limmobiliarematera.it\/","name":"L&#039;immobiliare Matera","description":"Servizi di agenzia di Filomena Zaccaro","publisher":{"@id":"https:\/\/www.limmobiliarematera.it\/#organization"},"potentialAction":[{"@type":"SearchAction","target":{"@type":"EntryPoint","urlTemplate":"https:\/\/www.limmobiliarematera.it\/?s={search_term_string}"},"query-input":{"@type":"PropertyValueSpecification","valueRequired":true,"valueName":"search_term_string"}}],"inLanguage":"it-IT"},{"@type":"Organization","@id":"https:\/\/www.limmobiliarematera.it\/#organization","name":"L&#039;immobiliare Matera","url":"https:\/\/www.limmobiliarematera.it\/","logo":{"@type":"ImageObject","inLanguage":"it-IT","@id":"https:\/\/www.limmobiliarematera.it\/#\/schema\/logo\/image\/","url":"https:\/\/www.limmobiliarematera.it\/wp-content\/uploads\/2021\/12\/Anniversario-20-anni-2.png","contentUrl":"https:\/\/www.limmobiliarematera.it\/wp-content\/uploads\/2021\/12\/Anniversario-20-anni-2.png","width":300,"height":249,"caption":"L&#039;immobiliare Matera"},"image":{"@id":"https:\/\/www.limmobiliarematera.it\/#\/schema\/logo\/image\/"}}]}},"_links":{"self":[{"href":"https:\/\/www.limmobiliarematera.it\/index.php\/wp-json\/wp\/v2\/pages\/692","targetHints":{"allow":["GET"]}}],"collection":[{"href":"https:\/\/www.limmobiliarematera.it\/index.php\/wp-json\/wp\/v2\/pages"}],"about":[{"href":"https:\/\/www.limmobiliarematera.it\/index.php\/wp-json\/wp\/v2\/types\/page"}],"author":[{"embeddable":true,"href":"https:\/\/www.limmobiliarematera.it\/index.php\/wp-json\/wp\/v2\/users\/1"}],"replies":[{"embeddable":true,"href":"https:\/\/www.limmobiliarematera.it\/index.php\/wp-json\/wp\/v2\/comments?post=692"}],"version-history":[{"count":12,"href":"https:\/\/www.limmobiliarematera.it\/index.php\/wp-json\/wp\/v2\/pages\/692\/revisions"}],"predecessor-version":[{"id":5375,"href":"https:\/\/www.limmobiliarematera.it\/index.php\/wp-json\/wp\/v2\/pages\/692\/revisions\/5375"}],"wp:attachment":[{"href":"https:\/\/www.limmobiliarematera.it\/index.php\/wp-json\/wp\/v2\/media?parent=692"}],"curies":[{"name":"wp","href":"https:\/\/api.w.org\/{rel}","templated":true}]}}