{"id":748,"date":"2016-03-10T18:52:12","date_gmt":"2016-03-10T18:52:12","guid":{"rendered":"http:\/\/wordpress-13359-29135-128930.cloudwaysapps.com\/?page_id=748"},"modified":"2025-08-29T11:02:22","modified_gmt":"2025-08-29T09:02:22","slug":"privacy","status":"publish","type":"page","link":"https:\/\/www.limmobiliarematera.it\/index.php\/privacy\/","title":{"rendered":"Privacy Policy"},"content":{"rendered":"<div class=\"wpb-content-wrapper\"><p>[vc_row][vc_column][vc_column_text css=&#8221;&#8221;]Qui di seguito vengono descritte le modalit\u00e0 di gestione del sito denominato www.limmobiliarematera.it di propriet\u00e0 della societ\u00e0 <strong>L&#8217;Immobiliare servizi di agenzia di Filomena Zaccaro <\/strong>in riferimento al trattamento dei dati personali degli utenti che lo consultano.<\/p>\n<p>Si tratta di un\u2019informativa per il trattamento dei dati personali che \u00e8 resa anche ai sensi dell\u2019art. 13 del Decreto legislativo 196\/03 (di seguito divenuto Codice privacy) <span style=\"color: #ff0000;\"><span style=\"color: #000000;\">aggiornata al 25\/05\/2018 ai sensi e per gli effetti dell&#8217;art.13 del regolamento UE&nbsp; 679\/2016 (GDPR) pe<\/span><\/span><span style=\"color: #000000;\">r gli<\/span> utenti dei servizi del nostro sito, che vengono erogati tramite internet.<a href=\"https:\/\/www.privacyitalia.eu\/wp-content\/uploads\/2017\/10\/GDPR_Italiano_PDF.pdf\">https:\/\/www.privacyitalia.eu\/wp-content\/uploads\/2017\/10\/GDPR_Italiano_PDF.pdf<\/a><\/p>\n<p>L\u2019informativa non \u00e8 valida per altri siti web eventualmente consultabili attraverso i nostri links, di cui <strong>L&#8217;Immobiliare servizi di agenzia di Filomena Zaccaro<\/strong> non \u00e8 in alcun modo responsabile.<\/p>\n<p>Il Titolare del trattamento dei dati personali, relativi a persone identificate o identificabili trattati a seguito della consultazione del nostro sito, \u00e8 <strong>L&#8217;Immobiliare servizi di agenzia di Filomena Zaccaro<\/strong>, con sede in Via Lucana, 65 \u2013 Matera \u2013 email: info@limmobiliarematera.it<\/p>\n<p>I trattamenti connessi ai servizi web di questo sito hanno luogo presso <strong>L&#8217;Immobiliare servizi di agenzia di Filomena Zaccaro<\/strong> e i contenuti sono curati da suoi dipendenti\/collaboratori.<\/p>\n<p>Nessun dato derivante dal servizio web viene comunicato o diffuso a terzi.<\/p>\n<p>I dati personali forniti dagli utenti che inoltrano richieste di servizi e\/o informazioni sono utilizzati al solo fine di eseguire il servizio o la prestazione richiesta e non sono comunicati a soggetti terzi salvo che la comunicazione sia imposta da obblighi di legge o sia strettamente necessario per l\u2019adempimento delle richieste.<\/p>\n<p>I sistemi informatici e le procedure software preposte al funzionamento di questo sito web e dei servizi a esso connessi acquisiscono, nel corso del loro normale esercizio, alcuni dati personali la cui trasmissione \u00e8 implicita nell\u2019uso dei protocolli di comunicazione di internet. Si tratta di informazioni che non sono raccolte per essere associate a interessati identificati, ma che per loro stessa natura potrebbero, attraverso elaborazioni e associazioni con dati detenuti da terzi, permettere di identificare gli utenti. In questa categoria di dati rientrano gli indirizzi IP o i nomi a dominio dei computer utilizzati dagli utenti che si connettono al sito, gli indirizzi in notazione URI (Uniform Resource Identifier) delle risorse richieste, l\u2019orario della richiesta, il metodo utilizzato nel sottoporre la richiesta al server, la dimensione del file ottenuto in risposta, il codice numerico indicante lo stato della risposta data dal server (buon fine, errore\u2026) e altri parametri relativi al sistema operativo e all\u2019ambiente informatico dell\u2019utente, d<span style=\"color: #000000;\">ati comuni identificativi forniti dall&#8217;utente (es. nome, cognome, e mail, numero di telefono, ecc.) per la fruizione dei prodotti e dei servizi . Questi da<\/span>ti vengono utilizzati al solo fine di ricavare informazioni statistiche anonime sull\u2019uso del sito e per controllarne il corretto funzionamento e vengono cancellati immediatamente dopo l\u2019elaborazione. I dati potrebbero essere utilizzati per l\u2019accertamento di responsabilit\u00e0 in caso di ipotetici reati informatici ai danni del sito.<\/p>\n<p>L\u2019invio facoltativo, esplicito e volontario di posta elettronica agli indirizzi indicati su questo sito comporta la successiva acquisizione dell\u2019indirizzo del mittente, necessario per rispondere alle richieste, nonch\u00e9 degli eventuali altri dati personali inseriti nella missiva.<\/p>\n<p>Per cookies si intende un elemento testuale che viene inserito nel disco fisso di un computer solo in seguito ad autorizzazione. I cookies hanno la funzione di snellire l\u2019analisi del traffico su web o di segnalare quando un sito specifico viene visitato e consentono alle applicazioni web di inviare informazioni ai singoli utenti. Nessun dato degli utenti viene in proposito acquisito dal sito. Non viene fatto uso di cookies per la trasmissione di informazioni di carattere personale, n\u00e9 vengono utilizzati per il tracciamento degli utenti.In ogni momento, oltre che al primo accesso, \u00e8 possibile sceglere se e quali cookie abilitare attraverso il pannello di controllo disponibile a questo link: [ultimate_gdpr_cookie_popup]Pannello di controllo cookies [\/ultimate_gdpr_cookie_popup].<\/p>\n<p>Questo l&#8217;elenco dei cookies attualmente in uso su questo sito:<\/p>\n<p>[render_cookies_list]<\/p>\n<p>I dati personali sono trattati con strumenti informatici automatizzati, per il tempo necessario a conseguire lo scopo per il quale sono stati raccolti.<\/p>\n<p>Specifiche misure di sicurezza sono osservate per prevenire la perdita dei dati, usi illeciti o non corretti e accessi non autorizzati.<\/p>\n<p>I soggetti cui si riferiscono i dati hanno i diritti previsti <em>dal&nbsp;regolamento (UE) 2016\/679&nbsp;del Parlamento europeo e del Consiglio che&nbsp;disciplina il trattamento dei<strong> dati personali<\/strong> relativi alle <strong>persone<\/strong> nell&#8217;UE, da parte di <strong>persone, societ\u00e0 o organizzazioni<\/strong> (GDPR); <\/em>esso prevede, tra gli altri, il diritto di conoscere la presenza dei suoi dati e di ottenere la cancellazione, la rettifica, l\u2019aggiornamento dei dati stessi rivolgendosi al Titolare del trattamento in persona della sig.ra <strong>Filomena Zaccaro<\/strong> all\u2019indirizzo sopra indicato. Su questo sito \u00e8 disponibile il link <a href=\"https:\/\/www.limmobiliarematera.it\/index.php\/gdpr\/\" target=\"_blank\" rel=\"noopener\">Esercita i tuoi diritti<\/a> attraverso il quale \u00e8 in ogni momento possibile conoscere i dati conservati, chiederne la modifica o la rimozione.[\/vc_column_text][\/vc_column][\/vc_row]<\/p>\n<\/div>","protected":false},"excerpt":{"rendered":"<p>[vc_row][vc_column][vc_column_text css=&#8221;&#8221;]Qui di seguito vengono descritte le modalit\u00e0 di gestione del sito denominato www.limmobiliarematera.it di propriet\u00e0 della societ\u00e0 L&#8217;Immobiliare servizi di agenzia di Filomena Zaccaro in riferimento al trattamento dei dati personali degli utenti che lo consultano. Si tratta di un\u2019informativa per il trattamento dei dati personali che \u00e8 resa anche ai sensi dell\u2019art. 13 [&hellip;]<\/p>\n","protected":false},"author":1,"featured_media":0,"parent":0,"menu_order":14,"comment_status":"closed","ping_status":"closed","template":"","meta":{"_exactmetrics_skip_tracking":false,"_exactmetrics_sitenote_active":false,"_exactmetrics_sitenote_note":"","_exactmetrics_sitenote_category":0,"footnotes":""},"class_list":["post-748","page","type-page","status-publish","hentry"],"yoast_head":"<!-- This site is optimized with the Yoast SEO plugin v27.1.1 - https:\/\/yoast.com\/product\/yoast-seo-wordpress\/ -->\n<title>Privacy Policy - L&#039;immobiliare Matera<\/title>\n<meta name=\"robots\" content=\"index, follow, max-snippet:-1, max-image-preview:large, max-video-preview:-1\" \/>\n<link rel=\"canonical\" href=\"https:\/\/www.limmobiliarematera.it\/index.php\/privacy\/\" \/>\n<meta property=\"og:locale\" content=\"it_IT\" \/>\n<meta property=\"og:type\" content=\"article\" \/>\n<meta property=\"og:title\" content=\"Privacy Policy - L&#039;immobiliare Matera\" \/>\n<meta property=\"og:description\" content=\"[vc_row][vc_column][vc_column_text css=&#8221;&#8221;]Qui di seguito vengono descritte le modalit\u00e0 di gestione del sito denominato www.limmobiliarematera.it di propriet\u00e0 della societ\u00e0 L&#8217;Immobiliare servizi di agenzia di Filomena Zaccaro in riferimento al trattamento dei dati personali degli utenti che lo consultano. Si tratta di un\u2019informativa per il trattamento dei dati personali che \u00e8 resa anche ai sensi dell\u2019art. 13 [&hellip;]\" \/>\n<meta property=\"og:url\" content=\"https:\/\/www.limmobiliarematera.it\/index.php\/privacy\/\" \/>\n<meta property=\"og:site_name\" content=\"L&#039;immobiliare Matera\" \/>\n<meta property=\"article:modified_time\" content=\"2025-08-29T09:02:22+00:00\" \/>\n<meta name=\"twitter:card\" content=\"summary_large_image\" \/>\n<meta name=\"twitter:label1\" content=\"Tempo di lettura stimato\" \/>\n\t<meta name=\"twitter:data1\" content=\"5 minuti\" \/>\n<script type=\"application\/ld+json\" class=\"yoast-schema-graph\">{\"@context\":\"https:\/\/schema.org\",\"@graph\":[{\"@type\":\"WebPage\",\"@id\":\"https:\/\/www.limmobiliarematera.it\/index.php\/privacy\/\",\"url\":\"https:\/\/www.limmobiliarematera.it\/index.php\/privacy\/\",\"name\":\"Privacy Policy - L&#039;immobiliare Matera\",\"isPartOf\":{\"@id\":\"https:\/\/www.limmobiliarematera.it\/#website\"},\"datePublished\":\"2016-03-10T18:52:12+00:00\",\"dateModified\":\"2025-08-29T09:02:22+00:00\",\"breadcrumb\":{\"@id\":\"https:\/\/www.limmobiliarematera.it\/index.php\/privacy\/#breadcrumb\"},\"inLanguage\":\"it-IT\",\"potentialAction\":[{\"@type\":\"ReadAction\",\"target\":[\"https:\/\/www.limmobiliarematera.it\/index.php\/privacy\/\"]}]},{\"@type\":\"BreadcrumbList\",\"@id\":\"https:\/\/www.limmobiliarematera.it\/index.php\/privacy\/#breadcrumb\",\"itemListElement\":[{\"@type\":\"ListItem\",\"position\":1,\"name\":\"Home\",\"item\":\"https:\/\/www.limmobiliarematera.it\/\"},{\"@type\":\"ListItem\",\"position\":2,\"name\":\"Privacy Policy\"}]},{\"@type\":\"WebSite\",\"@id\":\"https:\/\/www.limmobiliarematera.it\/#website\",\"url\":\"https:\/\/www.limmobiliarematera.it\/\",\"name\":\"L&#039;immobiliare Matera\",\"description\":\"Servizi di agenzia di Filomena Zaccaro\",\"publisher\":{\"@id\":\"https:\/\/www.limmobiliarematera.it\/#organization\"},\"potentialAction\":[{\"@type\":\"SearchAction\",\"target\":{\"@type\":\"EntryPoint\",\"urlTemplate\":\"https:\/\/www.limmobiliarematera.it\/?s={search_term_string}\"},\"query-input\":{\"@type\":\"PropertyValueSpecification\",\"valueRequired\":true,\"valueName\":\"search_term_string\"}}],\"inLanguage\":\"it-IT\"},{\"@type\":\"Organization\",\"@id\":\"https:\/\/www.limmobiliarematera.it\/#organization\",\"name\":\"L&#039;immobiliare Matera\",\"url\":\"https:\/\/www.limmobiliarematera.it\/\",\"logo\":{\"@type\":\"ImageObject\",\"inLanguage\":\"it-IT\",\"@id\":\"https:\/\/www.limmobiliarematera.it\/#\/schema\/logo\/image\/\",\"url\":\"https:\/\/www.limmobiliarematera.it\/wp-content\/uploads\/2021\/12\/Anniversario-20-anni-2.png\",\"contentUrl\":\"https:\/\/www.limmobiliarematera.it\/wp-content\/uploads\/2021\/12\/Anniversario-20-anni-2.png\",\"width\":300,\"height\":249,\"caption\":\"L&#039;immobiliare Matera\"},\"image\":{\"@id\":\"https:\/\/www.limmobiliarematera.it\/#\/schema\/logo\/image\/\"}}]}<\/script>\n<!-- \/ Yoast SEO plugin. -->","yoast_head_json":{"title":"Privacy Policy - L&#039;immobiliare Matera","robots":{"index":"index","follow":"follow","max-snippet":"max-snippet:-1","max-image-preview":"max-image-preview:large","max-video-preview":"max-video-preview:-1"},"canonical":"https:\/\/www.limmobiliarematera.it\/index.php\/privacy\/","og_locale":"it_IT","og_type":"article","og_title":"Privacy Policy - L&#039;immobiliare Matera","og_description":"[vc_row][vc_column][vc_column_text css=&#8221;&#8221;]Qui di seguito vengono descritte le modalit\u00e0 di gestione del sito denominato www.limmobiliarematera.it di propriet\u00e0 della societ\u00e0 L&#8217;Immobiliare servizi di agenzia di Filomena Zaccaro in riferimento al trattamento dei dati personali degli utenti che lo consultano. Si tratta di un\u2019informativa per il trattamento dei dati personali che \u00e8 resa anche ai sensi dell\u2019art. 13 [&hellip;]","og_url":"https:\/\/www.limmobiliarematera.it\/index.php\/privacy\/","og_site_name":"L&#039;immobiliare Matera","article_modified_time":"2025-08-29T09:02:22+00:00","twitter_card":"summary_large_image","twitter_misc":{"Tempo di lettura stimato":"5 minuti"},"schema":{"@context":"https:\/\/schema.org","@graph":[{"@type":"WebPage","@id":"https:\/\/www.limmobiliarematera.it\/index.php\/privacy\/","url":"https:\/\/www.limmobiliarematera.it\/index.php\/privacy\/","name":"Privacy Policy - L&#039;immobiliare Matera","isPartOf":{"@id":"https:\/\/www.limmobiliarematera.it\/#website"},"datePublished":"2016-03-10T18:52:12+00:00","dateModified":"2025-08-29T09:02:22+00:00","breadcrumb":{"@id":"https:\/\/www.limmobiliarematera.it\/index.php\/privacy\/#breadcrumb"},"inLanguage":"it-IT","potentialAction":[{"@type":"ReadAction","target":["https:\/\/www.limmobiliarematera.it\/index.php\/privacy\/"]}]},{"@type":"BreadcrumbList","@id":"https:\/\/www.limmobiliarematera.it\/index.php\/privacy\/#breadcrumb","itemListElement":[{"@type":"ListItem","position":1,"name":"Home","item":"https:\/\/www.limmobiliarematera.it\/"},{"@type":"ListItem","position":2,"name":"Privacy Policy"}]},{"@type":"WebSite","@id":"https:\/\/www.limmobiliarematera.it\/#website","url":"https:\/\/www.limmobiliarematera.it\/","name":"L&#039;immobiliare Matera","description":"Servizi di agenzia di Filomena Zaccaro","publisher":{"@id":"https:\/\/www.limmobiliarematera.it\/#organization"},"potentialAction":[{"@type":"SearchAction","target":{"@type":"EntryPoint","urlTemplate":"https:\/\/www.limmobiliarematera.it\/?s={search_term_string}"},"query-input":{"@type":"PropertyValueSpecification","valueRequired":true,"valueName":"search_term_string"}}],"inLanguage":"it-IT"},{"@type":"Organization","@id":"https:\/\/www.limmobiliarematera.it\/#organization","name":"L&#039;immobiliare Matera","url":"https:\/\/www.limmobiliarematera.it\/","logo":{"@type":"ImageObject","inLanguage":"it-IT","@id":"https:\/\/www.limmobiliarematera.it\/#\/schema\/logo\/image\/","url":"https:\/\/www.limmobiliarematera.it\/wp-content\/uploads\/2021\/12\/Anniversario-20-anni-2.png","contentUrl":"https:\/\/www.limmobiliarematera.it\/wp-content\/uploads\/2021\/12\/Anniversario-20-anni-2.png","width":300,"height":249,"caption":"L&#039;immobiliare Matera"},"image":{"@id":"https:\/\/www.limmobiliarematera.it\/#\/schema\/logo\/image\/"}}]}},"_links":{"self":[{"href":"https:\/\/www.limmobiliarematera.it\/index.php\/wp-json\/wp\/v2\/pages\/748","targetHints":{"allow":["GET"]}}],"collection":[{"href":"https:\/\/www.limmobiliarematera.it\/index.php\/wp-json\/wp\/v2\/pages"}],"about":[{"href":"https:\/\/www.limmobiliarematera.it\/index.php\/wp-json\/wp\/v2\/types\/page"}],"author":[{"embeddable":true,"href":"https:\/\/www.limmobiliarematera.it\/index.php\/wp-json\/wp\/v2\/users\/1"}],"replies":[{"embeddable":true,"href":"https:\/\/www.limmobiliarematera.it\/index.php\/wp-json\/wp\/v2\/comments?post=748"}],"version-history":[{"count":12,"href":"https:\/\/www.limmobiliarematera.it\/index.php\/wp-json\/wp\/v2\/pages\/748\/revisions"}],"predecessor-version":[{"id":6751,"href":"https:\/\/www.limmobiliarematera.it\/index.php\/wp-json\/wp\/v2\/pages\/748\/revisions\/6751"}],"wp:attachment":[{"href":"https:\/\/www.limmobiliarematera.it\/index.php\/wp-json\/wp\/v2\/media?parent=748"}],"curies":[{"name":"wp","href":"https:\/\/api.w.org\/{rel}","templated":true}]}}